{"id":6778,"date":"2025-01-31T10:38:01","date_gmt":"2025-01-31T15:38:01","guid":{"rendered":"https:\/\/www.eic.edu.pe\/wp2024-2\/eic\/?page_id=6778"},"modified":"2026-02-13T12:52:15","modified_gmt":"2026-02-13T17:52:15","slug":"proceso-y-cronogramas-2026","status":"publish","type":"page","link":"https:\/\/www.eic.edu.pe\/wp2024-2\/eic\/proceso-y-cronogramas-2026\/","title":{"rendered":"Proceso y cronogramas 2026"},"content":{"rendered":"<div class=\"fusion-fullwidth fullwidth-box fusion-builder-row-1 fusion-flex-container has-pattern-background has-mask-background nonhundred-percent-fullwidth non-hundred-percent-height-scrolling\" style=\"--awb-border-radius-top-left:0px;--awb-border-radius-top-right:0px;--awb-border-radius-bottom-right:0px;--awb-border-radius-bottom-left:0px;--awb-padding-right:30px;--awb-padding-left:30px;--awb-flex-wrap:wrap;\" ><div class=\"fusion-builder-row fusion-row fusion-flex-align-items-flex-start fusion-flex-content-wrap\" style=\"max-width:1470px;margin-left: calc(-5% \/ 2 );margin-right: calc(-5% \/ 2 );\"><div class=\"fusion-layout-column fusion_builder_column fusion-builder-column-0 fusion_builder_column_1_1 1_1 fusion-flex-column\" style=\"--awb-bg-size:cover;--awb-width-large:100%;--awb-margin-top-large:0px;--awb-spacing-right-large:2.375%;--awb-margin-bottom-large:20px;--awb-spacing-left-large:2.375%;--awb-width-medium:100%;--awb-order-medium:0;--awb-spacing-right-medium:2.375%;--awb-spacing-left-medium:2.375%;--awb-width-small:100%;--awb-order-small:0;--awb-spacing-right-small:2.375%;--awb-spacing-left-small:2.375%;\"><div class=\"fusion-column-wrapper fusion-column-has-shadow fusion-flex-justify-content-flex-start fusion-content-layout-column\"><div class=\"fusion-text fusion-text-1 fusion-text-no-margin\" style=\"--awb-content-alignment:center;--awb-font-size:30px;--awb-margin-bottom:16px;--awb-text-font-family:&quot;Noto Sans&quot;;--awb-text-font-style:normal;--awb-text-font-weight:600;\"><p style=\"text-align: center;\"><strong>PROCESO DE ADMISI\u00d3N PRE K\u00cdNDER 2026<\/strong><\/p>\n<\/div><div class=\"fusion-text fusion-text-2 fusion-text-no-margin\" style=\"--awb-content-alignment:center;--awb-margin-bottom:15px;\"><p style=\"text-align: center;\">El ni\u00f1o debe haber nacido entre el 1 de abril del 2021 al 31 de marzo del 2022, seg\u00fan norma del Ministerio de Educaci\u00f3n.<\/p>\n<p style=\"text-align: center;\"><span style=\"color: var(--awb-text-color); font-family: var(--awb-text-font-family); font-size: var(--awb-font-size); font-style: var(--awb-text-font-style); font-weight: var(--awb-text-font-weight); letter-spacing: var(--awb-letter-spacing); text-align: var(--awb-content-alignment); text-transform: var(--awb-text-transform); background-color: var(--awb-bg-color-medium-hover);\">Inscripciones abiertas.<\/span><\/p>\n<\/div><div class=\"fusion-image-element \" style=\"--awb-caption-title-font-family:var(--h2_typography-font-family);--awb-caption-title-font-weight:var(--h2_typography-font-weight);--awb-caption-title-font-style:var(--h2_typography-font-style);--awb-caption-title-size:var(--h2_typography-font-size);--awb-caption-title-transform:var(--h2_typography-text-transform);--awb-caption-title-line-height:var(--h2_typography-line-height);--awb-caption-title-letter-spacing:var(--h2_typography-letter-spacing);\"><span class=\" fusion-imageframe imageframe-none imageframe-1 hover-type-none\"><img decoding=\"async\" width=\"436\" height=\"95\" src=\"https:\/\/www.eic.edu.pe\/wp2024-2\/eic\/wp-content\/uploads\/2024\/10\/InscripEnlineach.jpg\" data-orig-src=\"https:\/\/www.eic.edu.pe\/wp2024-2\/eic\/wp-content\/uploads\/2024\/10\/InscripEnlineach.jpg\" alt class=\"lazyload img-responsive wp-image-6461\" srcset=\"data:image\/svg+xml,%3Csvg%20xmlns%3D%27http%3A%2F%2Fwww.w3.org%2F2000%2Fsvg%27%20width%3D%27436%27%20height%3D%2795%27%20viewBox%3D%270%200%20436%2095%27%3E%3Crect%20width%3D%27436%27%20height%3D%2795%27%20fill-opacity%3D%220%22%2F%3E%3C%2Fsvg%3E\" data-srcset=\"https:\/\/www.eic.edu.pe\/wp2024-2\/eic\/wp-content\/uploads\/2024\/10\/InscripEnlineach-200x44.jpg 200w, https:\/\/www.eic.edu.pe\/wp2024-2\/eic\/wp-content\/uploads\/2024\/10\/InscripEnlineach-400x87.jpg 400w, https:\/\/www.eic.edu.pe\/wp2024-2\/eic\/wp-content\/uploads\/2024\/10\/InscripEnlineach.jpg 436w\" data-sizes=\"auto\" data-orig-sizes=\"(max-width: 700px) 100vw, 436px\" \/><\/span><\/div><div class=\"fusion-text fusion-text-3\" style=\"--awb-content-alignment:justify;\"><ul>\n<li>El sistema solicitar\u00e1 que coloquen una foto pasaporte del postulante en FONDO BLANCO en formato JPG que no exceda 1 Mb de tama\u00f1o.<\/li>\n<li><strong><a href=\"https:\/\/www.eic.pe\/admpk2026v4\"><u><strong>Ingrese aqu\u00ed<\/strong><\/u><\/a><\/strong> para inscribirse<\/li>\n<li>Llenar y completar la ficha de inscripci\u00f3n v\u00eda web (desde una computadora, no celular), guardarla en formato PDF antes del cierre del sistema de inscripci\u00f3n y <strong>enviarla junto con la documentaci\u00f3n solicitada.<\/strong><\/li>\n<\/ul>\n<\/div><div class=\"fusion-image-element \" style=\"text-align:left;--awb-margin-top:10px;--awb-margin-right:0px;--awb-margin-left:80px;--awb-caption-title-font-family:var(--h2_typography-font-family);--awb-caption-title-font-weight:var(--h2_typography-font-weight);--awb-caption-title-font-style:var(--h2_typography-font-style);--awb-caption-title-size:var(--h2_typography-font-size);--awb-caption-title-transform:var(--h2_typography-text-transform);--awb-caption-title-line-height:var(--h2_typography-line-height);--awb-caption-title-letter-spacing:var(--h2_typography-letter-spacing);\"><span class=\" fusion-imageframe imageframe-none imageframe-2 hover-type-none\"><img decoding=\"async\" width=\"436\" height=\"95\" src=\"https:\/\/www.eic.edu.pe\/wp2024-2\/eic\/wp-content\/uploads\/2024\/10\/DerechoAdm.jpg\" data-orig-src=\"https:\/\/www.eic.edu.pe\/wp2024-2\/eic\/wp-content\/uploads\/2024\/10\/DerechoAdm.jpg\" alt class=\"lazyload img-responsive wp-image-6467\" srcset=\"data:image\/svg+xml,%3Csvg%20xmlns%3D%27http%3A%2F%2Fwww.w3.org%2F2000%2Fsvg%27%20width%3D%27436%27%20height%3D%2795%27%20viewBox%3D%270%200%20436%2095%27%3E%3Crect%20width%3D%27436%27%20height%3D%2795%27%20fill-opacity%3D%220%22%2F%3E%3C%2Fsvg%3E\" data-srcset=\"https:\/\/www.eic.edu.pe\/wp2024-2\/eic\/wp-content\/uploads\/2024\/10\/DerechoAdm-200x44.jpg 200w, https:\/\/www.eic.edu.pe\/wp2024-2\/eic\/wp-content\/uploads\/2024\/10\/DerechoAdm-400x87.jpg 400w, https:\/\/www.eic.edu.pe\/wp2024-2\/eic\/wp-content\/uploads\/2024\/10\/DerechoAdm.jpg 436w\" data-sizes=\"auto\" data-orig-sizes=\"(max-width: 700px) 100vw, 436px\" \/><\/span><\/div><div class=\"fusion-text fusion-text-4\" style=\"--awb-content-alignment:justify;--awb-margin-left:100px;\"><ul>\n<li>Una vez realizada la inscripci\u00f3n y que hayan enviado por correo (admision2026@eic.edu.pe) la ficha, recibir\u00e1n un mensaje con sus credenciales para ingresar al sistema SIEWEB y realizar el pago <span class=\"x_ContentPasted1\">por los servicios prestados en el Proceso de Admisi\u00f3n de <b>US$ 250.00<\/b>, monto intransferible y no reembolsable. El plazo para este pago es de 7 d\u00edas h\u00e1biles.<\/span><\/li>\n<li><span class=\"x_ContentPasted1\">Enviar los documentos (en un solo archivo en PDF) solicitados l\u00edneas abajo al correo:   admision2026@eic.edu.pe.<br \/><\/span><\/li>\n<\/ul>\n<\/div><div class=\"fusion-image-element \" style=\"--awb-margin-top:12px;--awb-margin-bottom:12px;--awb-caption-title-font-family:var(--h2_typography-font-family);--awb-caption-title-font-weight:var(--h2_typography-font-weight);--awb-caption-title-font-style:var(--h2_typography-font-style);--awb-caption-title-size:var(--h2_typography-font-size);--awb-caption-title-transform:var(--h2_typography-text-transform);--awb-caption-title-line-height:var(--h2_typography-line-height);--awb-caption-title-letter-spacing:var(--h2_typography-letter-spacing);\"><span class=\" fusion-imageframe imageframe-none imageframe-3 hover-type-none\"><img decoding=\"async\" width=\"436\" height=\"95\" src=\"https:\/\/www.eic.edu.pe\/wp2024-2\/eic\/wp-content\/uploads\/2024\/10\/Enviodoc2.jpg\" data-orig-src=\"https:\/\/www.eic.edu.pe\/wp2024-2\/eic\/wp-content\/uploads\/2024\/10\/Enviodoc2.jpg\" alt class=\"lazyload img-responsive wp-image-6480\" srcset=\"data:image\/svg+xml,%3Csvg%20xmlns%3D%27http%3A%2F%2Fwww.w3.org%2F2000%2Fsvg%27%20width%3D%27436%27%20height%3D%2795%27%20viewBox%3D%270%200%20436%2095%27%3E%3Crect%20width%3D%27436%27%20height%3D%2795%27%20fill-opacity%3D%220%22%2F%3E%3C%2Fsvg%3E\" data-srcset=\"https:\/\/www.eic.edu.pe\/wp2024-2\/eic\/wp-content\/uploads\/2024\/10\/Enviodoc2-200x44.jpg 200w, https:\/\/www.eic.edu.pe\/wp2024-2\/eic\/wp-content\/uploads\/2024\/10\/Enviodoc2-400x87.jpg 400w, https:\/\/www.eic.edu.pe\/wp2024-2\/eic\/wp-content\/uploads\/2024\/10\/Enviodoc2.jpg 436w\" data-sizes=\"auto\" data-orig-sizes=\"(max-width: 700px) 100vw, 436px\" \/><\/span><\/div><div class=\"fusion-text fusion-text-5\"><p style=\"text-align: left;\">Les pedimos que luego de realizar el pago, env\u00eden la documentaci\u00f3n solicitada (todos los postulantes):<\/p>\n<ul>\n<li>Ficha de inscripci\u00f3n generada desde el sistema, firmada.<\/li>\n<li>Partida de Nacimiento escaneada.<\/li>\n<li>Constancia de bautismo.<\/li>\n<li>DNI del ni\u00f1o o carn\u00e9 de extranjer\u00eda escaneado.<\/li>\n<li>DNI de la madre o carn\u00e9 de extranjer\u00eda escaneado.<\/li>\n<li>DNI del padre o carn\u00e9 de extranjer\u00eda escaneado.<\/li>\n<li>Descargar, completar, firmar, y escanear la encuesta (<strong><em><a href=\"https:\/\/www.eic.edu.pe\/wp2024-2\/eic\/wp-content\/uploads\/2025\/03\/Encuesta_2026.pdf\">Descargar aqu\u00ed<\/a><\/em><\/strong>).<\/li>\n<li>Foto familiar actual en formato JPG de hasta 3Mb de tama\u00f1o.<\/li>\n<li>Carta de recomendaci\u00f3n.<\/li>\n<\/ul>\n<p>Una vez que el Colegio confirme la recepci\u00f3n de documentos, se les enviar\u00e1 en un plazo no mayor a 7 d\u00edas, la fecha para la entrevista con el Comit\u00e9 de Admisi\u00f3n del Colegio.<\/p><\/p>\n<\/div><div class=\"fusion-text fusion-text-6\" style=\"--awb-content-alignment:center;\"><p>Cualquier consulta sobre nuestro Proceso de Admisi\u00f3n, por favor, escribirnos al correo <u>admision2026@eic.edu.pe<\/u>, ser\u00e1 un placer atenderlos.<\/p>\n<p style=\"text-align: center;\"><strong><b>\u00a1Gracias por pensar en INMACULADO CORAZ\u00d3N!<\/b><\/strong><\/p>\n<\/div><\/div><\/div><\/div><\/div>\n","protected":false},"excerpt":{"rendered":"","protected":false},"author":1,"featured_media":0,"parent":0,"menu_order":0,"comment_status":"closed","ping_status":"closed","template":"100-width.php","meta":{"footnotes":""},"class_list":["post-6778","page","type-page","status-publish","hentry"],"_links":{"self":[{"href":"https:\/\/www.eic.edu.pe\/wp2024-2\/eic\/wp-json\/wp\/v2\/pages\/6778","targetHints":{"allow":["GET"]}}],"collection":[{"href":"https:\/\/www.eic.edu.pe\/wp2024-2\/eic\/wp-json\/wp\/v2\/pages"}],"about":[{"href":"https:\/\/www.eic.edu.pe\/wp2024-2\/eic\/wp-json\/wp\/v2\/types\/page"}],"author":[{"embeddable":true,"href":"https:\/\/www.eic.edu.pe\/wp2024-2\/eic\/wp-json\/wp\/v2\/users\/1"}],"replies":[{"embeddable":true,"href":"https:\/\/www.eic.edu.pe\/wp2024-2\/eic\/wp-json\/wp\/v2\/comments?post=6778"}],"version-history":[{"count":7,"href":"https:\/\/www.eic.edu.pe\/wp2024-2\/eic\/wp-json\/wp\/v2\/pages\/6778\/revisions"}],"predecessor-version":[{"id":6954,"href":"https:\/\/www.eic.edu.pe\/wp2024-2\/eic\/wp-json\/wp\/v2\/pages\/6778\/revisions\/6954"}],"wp:attachment":[{"href":"https:\/\/www.eic.edu.pe\/wp2024-2\/eic\/wp-json\/wp\/v2\/media?parent=6778"}],"curies":[{"name":"wp","href":"https:\/\/api.w.org\/{rel}","templated":true}]}}